{"id":8864,"date":"2022-05-09T16:38:28","date_gmt":"2022-05-09T14:38:28","guid":{"rendered":"https:\/\/zimmerei.apartments\/?page_id=8864"},"modified":"2026-02-09T15:58:53","modified_gmt":"2026-02-09T14:58:53","slug":"imprint","status":"publish","type":"page","link":"https:\/\/zimmerei.apartments\/en\/imprint\/","title":{"rendered":"Imprint"},"content":{"rendered":"\n<script>\n  var video_url_en = false;\n<\/script>\n\n\n  <div class=\"module module--legal pt-4 pb-9\">\n\n    <div class=\"row\">\n\n      <div class=\"col col-6 col-4-md col-12-sm col--left col--text col--wysiwyg pb-4--sm\">\n        <h1 class=\"t-h5 t--fixed\">Imprint<\/h1>\n      <\/div><!-- .col -->\n\n      <div class=\"col col-6 col-8-md col-12-sm col--right col--text col--wysiwyg\">\n        <p><b>Service provider:<\/b><br \/>\naam2core Holding AG<br \/>\nEschersheimer Landstr. 14<br \/>\n60322 Frankfurt a.M.<br \/>\nGermany<br \/>\nE-Mail:&nbsp;<u><a title=\"mailto:zimmerei@aam2core.com\" href=\"mailto:zimmerei@aam2core.com\" data-outlook-id=\"47b4c36b-d792-4620-8607-5b688a606f9b\">zimmerei@aam2core.com<\/a><\/u>&nbsp;&nbsp;<\/p>\n<p><strong>Represented by:<\/strong><br \/>\nStefan de Greiff<br \/>\nJens Ebert<br \/>\nMichael Schleich<\/p>\n<p><strong>Chairman of the Supervisory Board:<\/strong><br \/>\nGabriele Volz<\/p>\n<h2>(Further) contact options:<\/h2>\n<p>You can use the following contact details to get in touch with us &#8211; e.g. regarding the management and letting of individual properties:<\/p>\n<p>DIE ZIMMEREI<br \/>\nP.O. Box 120221 \u2013 10592 Berlin<br \/>\nTelephon: +49 30 9940578 0<br \/>\nE-Mail: <a href=\"mailto:impressum@zimmerei.apartments\">impressum@zimmerei.apartments<\/a><\/p>\n<p>The quickest way for residents to reach us is via the tenant app<\/p>\n<h2>Commercial register<\/h2>\n<p>Amtsgericht Frankfurt a.M.; Registernummer: HRB 108853<\/p>\n<h2>VAT-ID<\/h2>\n<p>VAT_ID according to \u00a727 a sales tax law:<br \/>\nDE319453477<\/p>\n<h2>Dispute resolution<\/h2>\n<p>We are willing (but not obliged) to participate in a dispute resolution procedure before the following consumer arbitration board (and do so):<br \/>\nUniversalschlichtungsstelle des Bundes, Zentrum f\u00fcr Schlichtung e.V., Stra\u00dfburger Stra\u00dfe 8, 77694 Kehl am Rhein (<a href=\"https:\/\/www.universalschlichtungsstelle.de\/english\" target=\"_blank\" rel=\"noopener\">https:\/\/www.universalschlichtungsstelle.de\/english<\/a>).<\/p>\n<h2>Concept and design&nbsp;<\/h2>\n<p><a href=\"https:\/\/br.studio\/en\" target=\"_blank\" rel=\"noopener\">BR*Studio<\/a><\/p>\n      <\/div><!-- .col -->\n\n    <\/div><!-- .row -->\n\n  <\/div><!-- .module -->\n\n\n","protected":false},"excerpt":{"rendered":"","protected":false},"author":13,"featured_media":0,"parent":0,"menu_order":94,"comment_status":"closed","ping_status":"closed","template":"","meta":{"_acf_changed":false,"footnotes":""},"class_list":["post-8864","page","type-page","status-publish","hentry"],"acf":[],"yoast_head":"<!-- This site is optimized with the Yoast SEO plugin v25.5 - https:\/\/yoast.com\/wordpress\/plugins\/seo\/ -->\n<title>Imprint - DIE ZIMMEREI<\/title>\n<meta name=\"description\" content=\"Here you can find the imprint of ZIMMEREI.\" \/>\n<meta name=\"robots\" content=\"index, follow, max-snippet:-1, max-image-preview:large, max-video-preview:-1\" \/>\n<link rel=\"canonical\" href=\"https:\/\/zimmerei.apartments\/en\/imprint\/\" \/>\n<meta property=\"og:locale\" content=\"en_US\" \/>\n<meta property=\"og:type\" content=\"article\" \/>\n<meta property=\"og:title\" content=\"Imprint - DIE ZIMMEREI\" \/>\n<meta property=\"og:description\" content=\"Here you can find the imprint of ZIMMEREI.\" \/>\n<meta property=\"og:url\" content=\"https:\/\/zimmerei.apartments\/en\/imprint\/\" \/>\n<meta property=\"og:site_name\" content=\"DIE ZIMMEREI\" \/>\n<meta property=\"article:modified_time\" content=\"2026-02-09T14:58:53+00:00\" \/>\n<meta name=\"twitter:card\" content=\"summary_large_image\" \/>\n<script type=\"application\/ld+json\" class=\"yoast-schema-graph\">{\"@context\":\"https:\/\/schema.org\",\"@graph\":[{\"@type\":\"WebPage\",\"@id\":\"https:\/\/zimmerei.apartments\/en\/imprint\/\",\"url\":\"https:\/\/zimmerei.apartments\/en\/imprint\/\",\"name\":\"Imprint - DIE ZIMMEREI\",\"isPartOf\":{\"@id\":\"https:\/\/zimmerei.apartments\/en\/#website\"},\"datePublished\":\"2022-05-09T14:38:28+00:00\",\"dateModified\":\"2026-02-09T14:58:53+00:00\",\"description\":\"Here you can find the imprint of ZIMMEREI.\",\"breadcrumb\":{\"@id\":\"https:\/\/zimmerei.apartments\/en\/imprint\/#breadcrumb\"},\"inLanguage\":\"en-US\",\"potentialAction\":[{\"@type\":\"ReadAction\",\"target\":[\"https:\/\/zimmerei.apartments\/en\/imprint\/\"]}]},{\"@type\":\"BreadcrumbList\",\"@id\":\"https:\/\/zimmerei.apartments\/en\/imprint\/#breadcrumb\",\"itemListElement\":[{\"@type\":\"ListItem\",\"position\":1,\"name\":\"Home\",\"item\":\"https:\/\/zimmerei.apartments\/en\/\"},{\"@type\":\"ListItem\",\"position\":2,\"name\":\"Imprint\"}]},{\"@type\":\"WebSite\",\"@id\":\"https:\/\/zimmerei.apartments\/en\/#website\",\"url\":\"https:\/\/zimmerei.apartments\/en\/\",\"name\":\"DIE ZIMMEREI\",\"description\":\"\",\"potentialAction\":[{\"@type\":\"SearchAction\",\"target\":{\"@type\":\"EntryPoint\",\"urlTemplate\":\"https:\/\/zimmerei.apartments\/en\/?s={search_term_string}\"},\"query-input\":{\"@type\":\"PropertyValueSpecification\",\"valueRequired\":true,\"valueName\":\"search_term_string\"}}],\"inLanguage\":\"en-US\"}]}<\/script>\n<!-- \/ Yoast SEO plugin. -->","yoast_head_json":{"title":"Imprint - DIE ZIMMEREI","description":"Here you can find the imprint of ZIMMEREI.","robots":{"index":"index","follow":"follow","max-snippet":"max-snippet:-1","max-image-preview":"max-image-preview:large","max-video-preview":"max-video-preview:-1"},"canonical":"https:\/\/zimmerei.apartments\/en\/imprint\/","og_locale":"en_US","og_type":"article","og_title":"Imprint - DIE ZIMMEREI","og_description":"Here you can find the imprint of ZIMMEREI.","og_url":"https:\/\/zimmerei.apartments\/en\/imprint\/","og_site_name":"DIE ZIMMEREI","article_modified_time":"2026-02-09T14:58:53+00:00","twitter_card":"summary_large_image","schema":{"@context":"https:\/\/schema.org","@graph":[{"@type":"WebPage","@id":"https:\/\/zimmerei.apartments\/en\/imprint\/","url":"https:\/\/zimmerei.apartments\/en\/imprint\/","name":"Imprint - DIE ZIMMEREI","isPartOf":{"@id":"https:\/\/zimmerei.apartments\/en\/#website"},"datePublished":"2022-05-09T14:38:28+00:00","dateModified":"2026-02-09T14:58:53+00:00","description":"Here you can find the imprint of ZIMMEREI.","breadcrumb":{"@id":"https:\/\/zimmerei.apartments\/en\/imprint\/#breadcrumb"},"inLanguage":"en-US","potentialAction":[{"@type":"ReadAction","target":["https:\/\/zimmerei.apartments\/en\/imprint\/"]}]},{"@type":"BreadcrumbList","@id":"https:\/\/zimmerei.apartments\/en\/imprint\/#breadcrumb","itemListElement":[{"@type":"ListItem","position":1,"name":"Home","item":"https:\/\/zimmerei.apartments\/en\/"},{"@type":"ListItem","position":2,"name":"Imprint"}]},{"@type":"WebSite","@id":"https:\/\/zimmerei.apartments\/en\/#website","url":"https:\/\/zimmerei.apartments\/en\/","name":"DIE ZIMMEREI","description":"","potentialAction":[{"@type":"SearchAction","target":{"@type":"EntryPoint","urlTemplate":"https:\/\/zimmerei.apartments\/en\/?s={search_term_string}"},"query-input":{"@type":"PropertyValueSpecification","valueRequired":true,"valueName":"search_term_string"}}],"inLanguage":"en-US"}]}},"_links":{"self":[{"href":"https:\/\/zimmerei.apartments\/en\/wp-json\/wp\/v2\/pages\/8864","targetHints":{"allow":["GET"]}}],"collection":[{"href":"https:\/\/zimmerei.apartments\/en\/wp-json\/wp\/v2\/pages"}],"about":[{"href":"https:\/\/zimmerei.apartments\/en\/wp-json\/wp\/v2\/types\/page"}],"author":[{"embeddable":true,"href":"https:\/\/zimmerei.apartments\/en\/wp-json\/wp\/v2\/users\/13"}],"replies":[{"embeddable":true,"href":"https:\/\/zimmerei.apartments\/en\/wp-json\/wp\/v2\/comments?post=8864"}],"version-history":[{"count":5,"href":"https:\/\/zimmerei.apartments\/en\/wp-json\/wp\/v2\/pages\/8864\/revisions"}],"predecessor-version":[{"id":10187,"href":"https:\/\/zimmerei.apartments\/en\/wp-json\/wp\/v2\/pages\/8864\/revisions\/10187"}],"wp:attachment":[{"href":"https:\/\/zimmerei.apartments\/en\/wp-json\/wp\/v2\/media?parent=8864"}],"curies":[{"name":"wp","href":"https:\/\/api.w.org\/{rel}","templated":true}]}}